{"id":7064,"date":"2020-12-30T09:07:05","date_gmt":"2020-12-30T08:07:05","guid":{"rendered":"https:\/\/www.havenhostel.de\/?page_id=7064"},"modified":"2025-07-29T15:36:04","modified_gmt":"2025-07-29T13:36:04","slug":"imprint","status":"publish","type":"page","link":"https:\/\/www.havenhostel.de\/en\/impressum\/","title":{"rendered":"Imprint"},"content":{"rendered":"\t\t<div data-elementor-type=\"wp-page\" data-elementor-id=\"7064\" class=\"elementor elementor-7064\" data-elementor-post-type=\"page\">\n\t\t\t\t\t\t<section class=\"elementor-section elementor-top-section elementor-element elementor-element-33ec4871 elementor-section-boxed elementor-section-height-default elementor-section-height-default\" data-id=\"33ec4871\" data-element_type=\"section\" data-e-type=\"section\">\n\t\t\t\t\t\t<div class=\"elementor-container elementor-column-gap-default\">\n\t\t\t\t\t<div class=\"elementor-column elementor-col-100 elementor-top-column elementor-element elementor-element-3f9f0dbb\" data-id=\"3f9f0dbb\" data-element_type=\"column\" data-e-type=\"column\">\n\t\t\t<div class=\"elementor-widget-wrap elementor-element-populated\">\n\t\t\t\t\t\t<div class=\"elementor-element elementor-element-418043f4 elementor-widget elementor-widget-text-editor\" data-id=\"418043f4\" data-element_type=\"widget\" data-e-type=\"widget\" data-widget_type=\"text-editor.default\">\n\t\t\t\t<div class=\"elementor-widget-container\">\n\t\t\t\t\t\t\t\t\t\n<h2 class=\"wp-block-heading\"><strong>havenhostel Deutschland GmbH<\/strong><\/h2>\n\n<p>Dillinger Str. 3<br \/>27578 Bremerhaven<\/p>\n\n<p>FON: +49 (471) \u2013 30 96 66-0<br \/>FAX: \u00a0+49 (471) \u2013 30 96 66-99<\/p>\n\n<p>E-Mail:\u00a0<a href=\"mailto:info@havenhostel.de\">info@havenhostel.de<\/a><\/p>\n\n<p>Gesch\u00e4ftsf\u00fchrer<strong>:<\/strong> Jens Grotel\u00fcschen<\/p>\n\n<p>Steuernummer: 60 137 08299<br \/>USt-IdNr.: DE195316024<br \/>Handelsregisternummer: HRB 3403 HB<br \/>Amtsgericht: Bremen<\/p>\n\n<h4 class=\"wp-block-heading\"><strong>Anfragen f\u00fcr Reservierungen\/Buchungen \u00fcber:<\/strong><\/h4>\n\n<p>havenhostel Bremerhaven:<br \/>E-Mail:\u00a0<a href=\"mailto:bremerhaven@havenhostel.de\">bremerhaven@havenhostel.de<\/a>\u00a0oder \u00fcber<br \/>FON: +49 (471) \u2013 30 96 69 0\u00a0<\/p>\n\n<p>havenhostel Cuxhaven:<br \/>E-Mail:\u00a0<a href=\"mailto:cuxhaven@havenhostel.de\">cuxhaven@havenhostel.de<\/a>\u00a0oder \u00fcber<br \/>FON: +49 (4721) \u2013 66 70 0\u00a0<\/p>\n\n<p>havenhostel Stade<br \/>E-Mail: <a href=\"mailto:stade@havenhostel.de\">stade@havenhostel.de<\/a> oder \u00fcber<br \/>FON: +49 (4141) \u2013 54 111 0<br \/><br \/><strong>Design und Programmierung:<\/strong><\/p>\n\n<p>GROTE MEDIA GmbH<br \/>Kantstra\u00dfe 4<br \/>27568 Bremerhaven<br \/>FON: +49 (471) 98 33 7-0<br \/><a href=\"mailto:info@grote-media.de\">info@grote-media.de<\/a><br \/><a href=\"http:\/\/www.grote-media.de\/\" target=\"_blank\" rel=\"noreferrer noopener\">www.grote-media.de<\/a><\/p>\n<p><strong><br \/>Verbraucherschlichtung<\/strong><\/p>\n<p>Unter diesem Link finden Sie Informationen zur alternativen Streitbeilegung f\u00fcr Verbraucher\/innen <a href=\"https:\/\/ec.europa.eu\/consumers\/odr\/main\/?event=main.consumer.rights#inline-nav-2\" target=\"_blank\" rel=\"noopener\">https:\/\/commission.europa.eu\/live-work-travel-eu\/consumer-rights-and-complaints\/resolve-your-consumer-complaint\/alternative-dispute-resolution-consumers_dehttps:\/\/ec.europa.eu\/consumers\/odr\/main\/?event=main.consumer.rights#inline-nav-2<\/a><\/p>\n<p>Ferner finden Sie die Universalschlichtungsstelle des Bundes unter <a href=\"https:\/\/www.universalschlichtungsstelle.de\/\" target=\"_blank\" rel=\"noopener\">https:\/\/www.universalschlichtungsstelle.de\/<\/a> oder die au\u00dfergerichtliche Streitbeilegungsstelle f\u00fcr Verbraucher und Unternehmer e. V. unter <a href=\"https:\/\/www.streitbeilegungsstelle.org\/\" target=\"_blank\" rel=\"noopener\">https:\/\/www.streitbeilegungsstelle.org\/<\/a><\/p>\n<p>Wir sind nicht verpflichtet, an einem Streitschlichtungsverfahren vor einer Verbraucherschlichtungsstelle (ADR) oder einer Online-Streitbeilegung der EU (ODR) teilzunehmen, und beabsichtigen dies auch nicht zu tun.<\/p>\n<p><br \/><strong>FOTOGRAFIE<\/strong><\/p>\n\n<p>map &#8211; markus abeling photography<br \/>GROTE MEDIA GmbH<br \/>Lars Teschner<br \/>\u00a9[Deutsches-Auswandererhaus-c-Kay-Riechers_Erlebnis-Bremerhaven\/] Erlebnis Bremerhaven<br \/>\u00a9[Zoo-am-Meer-Eisbaer-c-Zoo-am-Meer_Erlebnis-Bremerhaven] Erlebnis Bremerhaven<br \/>\u00a9[Klimahaus_Glasbruecke_MM-c-marcus.meyer@fotoetage.de_Erlebnis-Bremerhaven] Erlebnis Bremerhaven<br \/>\u00a9[Screening_Northern_Lights_DSM_HaukeDressler]<br \/>\u00a9[Screening_northern_lights_Dressler]<br \/>\u00a9[Mein-Outlet-MG-c-BEAN_Erlebnis-Bremerhaven] Erlebnis Bremerhaven<br \/>\u00a9[Fussgaengerzone-c-Tanja-Mehl_Erlebnis-Bremerhaven] Erlebnis Bremerhaven<br \/>\u00a9[Hafenrundfahrt-Ueberseehaefen-c-KELLING-Agentur-fuer-Marketing-und-Kommunikation_Erlebnis-Bremerhaven] Erlebnis Bremerhaven<br \/>\u00a9[HafenBus-HB-c-Markus-Abeling_Erlebnis-Bremerhaven] Erlebnis Bremerhaven<br \/>\u00a9[Alter-Hafen_Museumshafen-c-Olaf-Jainz_Erlebnis-Bremerhaven] Erlebnis Bremerhaven<br \/>\u00a9[Aussicht auf Neuen Hafen vom Atlantic Hotel Sail City (c) Foto Achim Meurer_Erlebnis Bremerhaven] Erlebnis Bremerhaven<br \/>\u00a9Au\u00dfenansicht Nacht Ralph Langer Foto: Langer \/ Klimahaus Bremerhaven 8\u00b0 Ost<br \/>\u00a9Kamerun H\u00e4ngebr\u00fccke Laurence Delderfield Foto: Delderfield \/ Klimahaus Bremerhaven 8\u00b0 Ost<br \/>\u00a9Antarktis Zelt Hannes Voigts Foto: Voigts \/ Klimahaus Bremerhaven 8\u00b0 Ost<br \/>\u00a9Samoa Lagune Schwarze Foto: Schwarze \/ Klimahaus Bremerhaven 8\u00b0 Ost<br \/>\u00a9Nordseeheilbad Cuxhaven GmbH &#8211; Cuxhaven Attraktionen<br \/>\u00a9Urheberrecht- STADE Marketing und Tourismus GmbH<\/p>\n\t\t\t\t\t\t\t\t<\/div>\n\t\t\t\t<\/div>\n\t\t\t\t\t<\/div>\n\t\t<\/div>\n\t\t\t\t\t<\/div>\n\t\t<\/section>\n\t\t\t\t<\/div>\n\t\t","protected":false},"excerpt":{"rendered":"<p>havenhostel Deutschland GmbH Dillinger Str. 327578 Bremerhaven FON: +49 (471) \u2013 30 96 66-0FAX: \u00a0+49 (471) \u2013 30 96 66-99 E-Mail:\u00a0info@havenhostel.de Gesch\u00e4ftsf\u00fchrer: Jens Grotel\u00fcschen Steuernummer: 60 137 08299USt-IdNr.: DE195316024Handelsregisternummer: HRB 3403 HBAmtsgericht: Bremen Anfragen f\u00fcr Reservierungen\/Buchungen \u00fcber: havenhostel Bremerhaven:E-Mail:\u00a0bremerhaven@havenhostel.de\u00a0oder \u00fcberFON: +49 (471) \u2013 30 96 69 0\u00a0 havenhostel Cuxhaven:E-Mail:\u00a0cuxhaven@havenhostel.de\u00a0oder \u00fcberFON: +49 (4721) \u2013 66 70 [&hellip;]<\/p>\n","protected":false},"author":17,"featured_media":0,"parent":0,"menu_order":0,"comment_status":"closed","ping_status":"closed","template":"","meta":{"footnotes":""},"class_list":["post-7064","page","type-page","status-publish","hentry"],"yoast_head":"<!-- This site is optimized with the Yoast SEO plugin v27.0 - https:\/\/yoast.com\/product\/yoast-seo-wordpress\/ -->\n<title>Impressum | havenhostel Deutschland<\/title>\n<meta name=\"robots\" content=\"index, follow, max-snippet:-1, max-image-preview:large, max-video-preview:-1\" \/>\n<link rel=\"canonical\" href=\"https:\/\/www.havenhostel.de\/en\/imprint\/\" \/>\n<meta property=\"og:locale\" content=\"en_GB\" \/>\n<meta property=\"og:type\" content=\"article\" \/>\n<meta property=\"og:title\" content=\"Impressum | havenhostel Deutschland\" \/>\n<meta property=\"og:description\" content=\"havenhostel Deutschland GmbH Dillinger Str. 327578 Bremerhaven FON: +49 (471) \u2013 30 96 66-0FAX: \u00a0+49 (471) \u2013 30 96 66-99 E-Mail:\u00a0info@havenhostel.de Gesch\u00e4ftsf\u00fchrer: Jens Grotel\u00fcschen Steuernummer: 60 137 08299USt-IdNr.: DE195316024Handelsregisternummer: HRB 3403 HBAmtsgericht: Bremen Anfragen f\u00fcr Reservierungen\/Buchungen \u00fcber: havenhostel Bremerhaven:E-Mail:\u00a0bremerhaven@havenhostel.de\u00a0oder \u00fcberFON: +49 (471) \u2013 30 96 69 0\u00a0 havenhostel Cuxhaven:E-Mail:\u00a0cuxhaven@havenhostel.de\u00a0oder \u00fcberFON: +49 (4721) \u2013 66 70 [&hellip;]\" \/>\n<meta property=\"og:url\" content=\"https:\/\/www.havenhostel.de\/en\/imprint\/\" \/>\n<meta property=\"og:site_name\" content=\"havenhostel Deutschland\" \/>\n<meta property=\"article:modified_time\" content=\"2025-07-29T13:36:04+00:00\" \/>\n<meta name=\"twitter:card\" content=\"summary_large_image\" \/>\n<meta name=\"twitter:label1\" content=\"Estimated reading time\" \/>\n\t<meta name=\"twitter:data1\" content=\"2 minutes\" \/>\n<script type=\"application\/ld+json\" class=\"yoast-schema-graph\">{\"@context\":\"https:\/\/schema.org\",\"@graph\":[{\"@type\":\"WebPage\",\"@id\":\"https:\/\/www.havenhostel.de\/en\/impressum\/\",\"url\":\"https:\/\/www.havenhostel.de\/en\/impressum\/\",\"name\":\"Impressum | havenhostel Deutschland\",\"isPartOf\":{\"@id\":\"https:\/\/www.havenhostel.de\/en\/#website\"},\"datePublished\":\"2020-12-30T08:07:05+00:00\",\"dateModified\":\"2025-07-29T13:36:04+00:00\",\"breadcrumb\":{\"@id\":\"https:\/\/www.havenhostel.de\/en\/impressum\/#breadcrumb\"},\"inLanguage\":\"en-GB\",\"potentialAction\":[{\"@type\":\"ReadAction\",\"target\":[\"https:\/\/www.havenhostel.de\/en\/impressum\/\"]}]},{\"@type\":\"BreadcrumbList\",\"@id\":\"https:\/\/www.havenhostel.de\/en\/impressum\/#breadcrumb\",\"itemListElement\":[{\"@type\":\"ListItem\",\"position\":1,\"name\":\"Startseite\",\"item\":\"https:\/\/www.havenhostel.de\/en\/\"},{\"@type\":\"ListItem\",\"position\":2,\"name\":\"Impressum\"}]},{\"@type\":\"WebSite\",\"@id\":\"https:\/\/www.havenhostel.de\/en\/#website\",\"url\":\"https:\/\/www.havenhostel.de\/en\/\",\"name\":\"havenhostel Deutschland\",\"description\":\"Ein Zuhause f\u00fcr Alle!\",\"publisher\":{\"@id\":\"https:\/\/www.havenhostel.de\/en\/#organization\"},\"potentialAction\":[{\"@type\":\"SearchAction\",\"target\":{\"@type\":\"EntryPoint\",\"urlTemplate\":\"https:\/\/www.havenhostel.de\/en\/?s={search_term_string}\"},\"query-input\":{\"@type\":\"PropertyValueSpecification\",\"valueRequired\":true,\"valueName\":\"search_term_string\"}}],\"inLanguage\":\"en-GB\"},{\"@type\":\"Organization\",\"@id\":\"https:\/\/www.havenhostel.de\/en\/#organization\",\"name\":\"havenhostel Deutschland\",\"url\":\"https:\/\/www.havenhostel.de\/en\/\",\"logo\":{\"@type\":\"ImageObject\",\"inLanguage\":\"en-GB\",\"@id\":\"https:\/\/www.havenhostel.de\/en\/#\/schema\/logo\/image\/\",\"url\":\"https:\/\/www.havenhostel.de\/wp-content\/uploads\/2020\/12\/havenhostel-deutschland_logo_mit-Kontur_RGB.png\",\"contentUrl\":\"https:\/\/www.havenhostel.de\/wp-content\/uploads\/2020\/12\/havenhostel-deutschland_logo_mit-Kontur_RGB.png\",\"width\":900,\"height\":300,\"caption\":\"havenhostel Deutschland\"},\"image\":{\"@id\":\"https:\/\/www.havenhostel.de\/en\/#\/schema\/logo\/image\/\"},\"sameAs\":[\"https:\/\/www.youtube.com\/user\/havenhostel\"]}]}<\/script>\n<!-- \/ Yoast SEO plugin. -->","yoast_head_json":{"title":"Imprint | havenhostel Germany","robots":{"index":"index","follow":"follow","max-snippet":"max-snippet:-1","max-image-preview":"max-image-preview:large","max-video-preview":"max-video-preview:-1"},"canonical":"https:\/\/www.havenhostel.de\/en\/imprint\/","og_locale":"en_GB","og_type":"article","og_title":"Impressum | havenhostel Deutschland","og_description":"havenhostel Deutschland GmbH Dillinger Str. 327578 Bremerhaven FON: +49 (471) \u2013 30 96 66-0FAX: \u00a0+49 (471) \u2013 30 96 66-99 E-Mail:\u00a0info@havenhostel.de Gesch\u00e4ftsf\u00fchrer: Jens Grotel\u00fcschen Steuernummer: 60 137 08299USt-IdNr.: DE195316024Handelsregisternummer: HRB 3403 HBAmtsgericht: Bremen Anfragen f\u00fcr Reservierungen\/Buchungen \u00fcber: havenhostel Bremerhaven:E-Mail:\u00a0bremerhaven@havenhostel.de\u00a0oder \u00fcberFON: +49 (471) \u2013 30 96 69 0\u00a0 havenhostel Cuxhaven:E-Mail:\u00a0cuxhaven@havenhostel.de\u00a0oder \u00fcberFON: +49 (4721) \u2013 66 70 [&hellip;]","og_url":"https:\/\/www.havenhostel.de\/en\/imprint\/","og_site_name":"havenhostel Deutschland","article_modified_time":"2025-07-29T13:36:04+00:00","twitter_card":"summary_large_image","twitter_misc":{"Estimated reading time":"2 minutes"},"schema":{"@context":"https:\/\/schema.org","@graph":[{"@type":"WebPage","@id":"https:\/\/www.havenhostel.de\/en\/impressum\/","url":"https:\/\/www.havenhostel.de\/en\/impressum\/","name":"Imprint | havenhostel Germany","isPartOf":{"@id":"https:\/\/www.havenhostel.de\/en\/#website"},"datePublished":"2020-12-30T08:07:05+00:00","dateModified":"2025-07-29T13:36:04+00:00","breadcrumb":{"@id":"https:\/\/www.havenhostel.de\/en\/impressum\/#breadcrumb"},"inLanguage":"en-GB","potentialAction":[{"@type":"ReadAction","target":["https:\/\/www.havenhostel.de\/en\/impressum\/"]}]},{"@type":"BreadcrumbList","@id":"https:\/\/www.havenhostel.de\/en\/impressum\/#breadcrumb","itemListElement":[{"@type":"ListItem","position":1,"name":"Startseite","item":"https:\/\/www.havenhostel.de\/en\/"},{"@type":"ListItem","position":2,"name":"Impressum"}]},{"@type":"WebSite","@id":"https:\/\/www.havenhostel.de\/en\/#website","url":"https:\/\/www.havenhostel.de\/en\/","name":"havenhostel Germany","description":"A Home for All!","publisher":{"@id":"https:\/\/www.havenhostel.de\/en\/#organization"},"potentialAction":[{"@type":"SearchAction","target":{"@type":"EntryPoint","urlTemplate":"https:\/\/www.havenhostel.de\/en\/?s={search_term_string}"},"query-input":{"@type":"PropertyValueSpecification","valueRequired":true,"valueName":"search_term_string"}}],"inLanguage":"en-GB"},{"@type":"Organization","@id":"https:\/\/www.havenhostel.de\/en\/#organization","name":"havenhostel Germany","url":"https:\/\/www.havenhostel.de\/en\/","logo":{"@type":"ImageObject","inLanguage":"en-GB","@id":"https:\/\/www.havenhostel.de\/en\/#\/schema\/logo\/image\/","url":"https:\/\/www.havenhostel.de\/wp-content\/uploads\/2020\/12\/havenhostel-deutschland_logo_mit-Kontur_RGB.png","contentUrl":"https:\/\/www.havenhostel.de\/wp-content\/uploads\/2020\/12\/havenhostel-deutschland_logo_mit-Kontur_RGB.png","width":900,"height":300,"caption":"havenhostel Deutschland"},"image":{"@id":"https:\/\/www.havenhostel.de\/en\/#\/schema\/logo\/image\/"},"sameAs":["https:\/\/www.youtube.com\/user\/havenhostel"]}]}},"_links":{"self":[{"href":"https:\/\/www.havenhostel.de\/en\/wp-json\/wp\/v2\/pages\/7064","targetHints":{"allow":["GET"]}}],"collection":[{"href":"https:\/\/www.havenhostel.de\/en\/wp-json\/wp\/v2\/pages"}],"about":[{"href":"https:\/\/www.havenhostel.de\/en\/wp-json\/wp\/v2\/types\/page"}],"author":[{"embeddable":true,"href":"https:\/\/www.havenhostel.de\/en\/wp-json\/wp\/v2\/users\/17"}],"replies":[{"embeddable":true,"href":"https:\/\/www.havenhostel.de\/en\/wp-json\/wp\/v2\/comments?post=7064"}],"version-history":[{"count":25,"href":"https:\/\/www.havenhostel.de\/en\/wp-json\/wp\/v2\/pages\/7064\/revisions"}],"predecessor-version":[{"id":15436,"href":"https:\/\/www.havenhostel.de\/en\/wp-json\/wp\/v2\/pages\/7064\/revisions\/15436"}],"wp:attachment":[{"href":"https:\/\/www.havenhostel.de\/en\/wp-json\/wp\/v2\/media?parent=7064"}],"curies":[{"name":"wp","href":"https:\/\/api.w.org\/{rel}","templated":true}]}}