{"id":10278,"date":"2021-07-19T14:50:23","date_gmt":"2021-07-19T12:50:23","guid":{"rendered":"https:\/\/www.havenhostel.de\/?page_id=10278"},"modified":"2024-01-17T09:20:58","modified_gmt":"2024-01-17T08:20:58","slug":"jobs","status":"publish","type":"page","link":"https:\/\/www.havenhostel.de\/de\/jobs\/","title":{"rendered":"Jobs"},"content":{"rendered":"\t\t<div data-elementor-type=\"wp-page\" data-elementor-id=\"10278\" class=\"elementor elementor-10278\" data-elementor-post-type=\"page\">\n\t\t\t\t\t\t<section class=\"elementor-section elementor-top-section elementor-element elementor-element-aaf3054 elementor-section-full_width elementor-section-height-default elementor-section-height-default\" data-id=\"aaf3054\" data-element_type=\"section\" data-e-type=\"section\">\n\t\t\t\t\t\t<div class=\"elementor-container elementor-column-gap-no\">\n\t\t\t\t\t<div class=\"elementor-column elementor-col-100 elementor-top-column elementor-element elementor-element-6bc857f\" data-id=\"6bc857f\" data-element_type=\"column\" data-e-type=\"column\">\n\t\t\t<div class=\"elementor-widget-wrap elementor-element-populated\">\n\t\t\t\t\t\t<div class=\"elementor-element elementor-element-4cff741 elementor-widget elementor-widget-heading\" data-id=\"4cff741\" data-element_type=\"widget\" data-e-type=\"widget\" data-widget_type=\"heading.default\">\n\t\t\t\t<div class=\"elementor-widget-container\">\n\t\t\t\t\t<h2 class=\"elementor-heading-title elementor-size-default\">Jobs<\/h2>\t\t\t\t<\/div>\n\t\t\t\t<\/div>\n\t\t\t\t<div class=\"elementor-element elementor-element-0934725 elementor-posts--align-left elementor-grid-3 elementor-grid-tablet-2 elementor-grid-mobile-1 elementor-posts--thumbnail-top elementor-posts__hover-gradient elementor-widget elementor-widget-posts\" data-id=\"0934725\" data-element_type=\"widget\" data-e-type=\"widget\" data-settings=\"{&quot;cards_row_gap&quot;:{&quot;unit&quot;:&quot;px&quot;,&quot;size&quot;:30,&quot;sizes&quot;:[]},&quot;cards_columns&quot;:&quot;3&quot;,&quot;cards_columns_tablet&quot;:&quot;2&quot;,&quot;cards_columns_mobile&quot;:&quot;1&quot;,&quot;cards_row_gap_tablet&quot;:{&quot;unit&quot;:&quot;px&quot;,&quot;size&quot;:&quot;&quot;,&quot;sizes&quot;:[]},&quot;cards_row_gap_mobile&quot;:{&quot;unit&quot;:&quot;px&quot;,&quot;size&quot;:&quot;&quot;,&quot;sizes&quot;:[]}}\" data-widget_type=\"posts.cards\">\n\t\t\t\t<div class=\"elementor-widget-container\">\n\t\t\t\t\t\t\t<div class=\"elementor-posts-container elementor-posts elementor-posts--skin-cards elementor-grid\" role=\"list\">\n\t\t\t\t<article class=\"elementor-post elementor-grid-item post-11973 karriere type-karriere status-publish hentry\" role=\"listitem\">\n\t\t\t<div class=\"elementor-post__card\">\n\t\t\t\t<div class=\"elementor-post__text\">\n\t\t\t\t<h3 class=\"elementor-post__title\">\n\t\t\t<a href=\"https:\/\/www.havenhostel.de\/de\/karriere\/havenhostel-bremerhaven-kuechen-und-servicemitarbeiter-m-w-d\/\" >\n\t\t\t\thavenhostel Bremerhaven | K\u00fcchen- und Servicemitarbeiter (M\/W\/D)\t\t\t<\/a>\n\t\t<\/h3>\n\t\t\t\t<div class=\"elementor-post__excerpt\">\n\t\t\t<p>Unser havenhostel Bremerhaven ist ein 3-Sterne-Superior-Hotel und wurde 2010 neu er\u00f6ffnet. Es bietet 88 modern ausgestattete Zimmer in verschiedenen Kategorien, einen Lounge- und Fr\u00fchst\u00fccksbereich mit Bar sowie Veranstaltungsr\u00e4ume.<\/p>\n\t\t<\/div>\n\t\t\t\t\t<div class=\"elementor-post__read-more-wrapper\">\n\t\t\n\t\t<a class=\"elementor-post__read-more\" href=\"https:\/\/www.havenhostel.de\/de\/karriere\/havenhostel-bremerhaven-kuechen-und-servicemitarbeiter-m-w-d\/\" aria-label=\"Mehr \u00fcber havenhostel Bremerhaven | K\u00fcchen- und Servicemitarbeiter (M\/W\/D)\" tabindex=\"-1\" >\n\t\t\tWeiterlesen \u00bb\t\t<\/a>\n\n\t\t\t\t\t<\/div>\n\t\t\t\t<\/div>\n\t\t\t\t<div class=\"elementor-post__meta-data\">\n\t\t\t\t\t<span class=\"elementor-post-date\">\n\t\t\t3. Januar 2026\t\t<\/span>\n\t\t\t\t<\/div>\n\t\t\t\t\t<\/div>\n\t\t<\/article>\n\t\t\t\t<article class=\"elementor-post elementor-grid-item post-10240 karriere type-karriere status-publish hentry\" role=\"listitem\">\n\t\t\t<div class=\"elementor-post__card\">\n\t\t\t\t<div class=\"elementor-post__text\">\n\t\t\t\t<h3 class=\"elementor-post__title\">\n\t\t\t<a href=\"https:\/\/www.havenhostel.de\/de\/karriere\/azubi-hotelfachmann-frau-m-w-d\/\" >\n\t\t\t\thavenhostel Deutschland | Azubi Hotelfachmann\/-frau (M\/W\/D)\t\t\t<\/a>\n\t\t<\/h3>\n\t\t\t\t<div class=\"elementor-post__excerpt\">\n\t\t\t<p>Unsere havenhostel Bremerhaven, Cuxhaven und Stade Hotels bieten im Durchschnitt 99 modern ausgestattete Zimmer in verschiedenen Kategorien, einen Lounge- und Fr\u00fchst\u00fccksbereich mit Bar sowie eine Veranstaltungsebene mit Dachterrasse.<\/p>\n\t\t<\/div>\n\t\t\t\t\t<div class=\"elementor-post__read-more-wrapper\">\n\t\t\n\t\t<a class=\"elementor-post__read-more\" href=\"https:\/\/www.havenhostel.de\/de\/karriere\/azubi-hotelfachmann-frau-m-w-d\/\" aria-label=\"Mehr \u00fcber havenhostel Deutschland | Azubi Hotelfachmann\/-frau (M\/W\/D)\" tabindex=\"-1\" >\n\t\t\tWeiterlesen \u00bb\t\t<\/a>\n\n\t\t\t\t\t<\/div>\n\t\t\t\t<\/div>\n\t\t\t\t<div class=\"elementor-post__meta-data\">\n\t\t\t\t\t<span class=\"elementor-post-date\">\n\t\t\t3. Januar 2026\t\t<\/span>\n\t\t\t\t<\/div>\n\t\t\t\t\t<\/div>\n\t\t<\/article>\n\t\t\t\t<\/div>\n\t\t\n\t\t\t\t\t\t<\/div>\n\t\t\t\t<\/div>\n\t\t\t\t\t<\/div>\n\t\t<\/div>\n\t\t\t\t\t<\/div>\n\t\t<\/section>\n\t\t\t\t<\/div>\n\t\t","protected":false},"excerpt":{"rendered":"<p>Jobs<\/p>\n","protected":false},"author":17,"featured_media":0,"parent":0,"menu_order":0,"comment_status":"closed","ping_status":"closed","template":"","meta":{"footnotes":""},"class_list":["post-10278","page","type-page","status-publish","hentry"],"yoast_head":"<!-- This site is optimized with the Yoast SEO plugin v27.0 - https:\/\/yoast.com\/product\/yoast-seo-wordpress\/ -->\n<title>Jobs - havenhostel Deutschland<\/title>\n<meta name=\"robots\" content=\"index, follow, max-snippet:-1, max-image-preview:large, max-video-preview:-1\" \/>\n<link rel=\"canonical\" href=\"https:\/\/www.havenhostel.de\/de\/jobs\/\" \/>\n<meta property=\"og:locale\" content=\"de_DE\" \/>\n<meta property=\"og:type\" content=\"article\" \/>\n<meta property=\"og:title\" content=\"Jobs - havenhostel Deutschland\" \/>\n<meta property=\"og:description\" content=\"Jobs\" \/>\n<meta property=\"og:url\" content=\"https:\/\/www.havenhostel.de\/de\/jobs\/\" \/>\n<meta property=\"og:site_name\" content=\"havenhostel Deutschland\" \/>\n<meta property=\"article:modified_time\" content=\"2024-01-17T08:20:58+00:00\" \/>\n<meta name=\"twitter:card\" content=\"summary_large_image\" \/>\n<meta name=\"twitter:label1\" content=\"Gesch\u00e4tzte Lesezeit\" \/>\n\t<meta name=\"twitter:data1\" content=\"1\u00a0Minute\" \/>\n<script type=\"application\/ld+json\" class=\"yoast-schema-graph\">{\"@context\":\"https:\/\/schema.org\",\"@graph\":[{\"@type\":\"WebPage\",\"@id\":\"https:\/\/www.havenhostel.de\/de\/jobs\/\",\"url\":\"https:\/\/www.havenhostel.de\/de\/jobs\/\",\"name\":\"Jobs - havenhostel Deutschland\",\"isPartOf\":{\"@id\":\"https:\/\/www.havenhostel.de\/de\/#website\"},\"datePublished\":\"2021-07-19T12:50:23+00:00\",\"dateModified\":\"2024-01-17T08:20:58+00:00\",\"breadcrumb\":{\"@id\":\"https:\/\/www.havenhostel.de\/de\/jobs\/#breadcrumb\"},\"inLanguage\":\"de\",\"potentialAction\":[{\"@type\":\"ReadAction\",\"target\":[\"https:\/\/www.havenhostel.de\/de\/jobs\/\"]}]},{\"@type\":\"BreadcrumbList\",\"@id\":\"https:\/\/www.havenhostel.de\/de\/jobs\/#breadcrumb\",\"itemListElement\":[{\"@type\":\"ListItem\",\"position\":1,\"name\":\"Startseite\",\"item\":\"https:\/\/www.havenhostel.de\/de\/\"},{\"@type\":\"ListItem\",\"position\":2,\"name\":\"Jobs\"}]},{\"@type\":\"WebSite\",\"@id\":\"https:\/\/www.havenhostel.de\/de\/#website\",\"url\":\"https:\/\/www.havenhostel.de\/de\/\",\"name\":\"havenhostel Deutschland\",\"description\":\"Ein Zuhause f\u00fcr Alle!\",\"publisher\":{\"@id\":\"https:\/\/www.havenhostel.de\/de\/#organization\"},\"potentialAction\":[{\"@type\":\"SearchAction\",\"target\":{\"@type\":\"EntryPoint\",\"urlTemplate\":\"https:\/\/www.havenhostel.de\/de\/?s={search_term_string}\"},\"query-input\":{\"@type\":\"PropertyValueSpecification\",\"valueRequired\":true,\"valueName\":\"search_term_string\"}}],\"inLanguage\":\"de\"},{\"@type\":\"Organization\",\"@id\":\"https:\/\/www.havenhostel.de\/de\/#organization\",\"name\":\"havenhostel Deutschland\",\"url\":\"https:\/\/www.havenhostel.de\/de\/\",\"logo\":{\"@type\":\"ImageObject\",\"inLanguage\":\"de\",\"@id\":\"https:\/\/www.havenhostel.de\/de\/#\/schema\/logo\/image\/\",\"url\":\"https:\/\/www.havenhostel.de\/wp-content\/uploads\/2020\/12\/havenhostel-deutschland_logo_mit-Kontur_RGB.png\",\"contentUrl\":\"https:\/\/www.havenhostel.de\/wp-content\/uploads\/2020\/12\/havenhostel-deutschland_logo_mit-Kontur_RGB.png\",\"width\":900,\"height\":300,\"caption\":\"havenhostel Deutschland\"},\"image\":{\"@id\":\"https:\/\/www.havenhostel.de\/de\/#\/schema\/logo\/image\/\"},\"sameAs\":[\"https:\/\/www.youtube.com\/user\/havenhostel\"]}]}<\/script>\n<!-- \/ Yoast SEO plugin. -->","yoast_head_json":{"title":"Jobs - havenhostel Deutschland","robots":{"index":"index","follow":"follow","max-snippet":"max-snippet:-1","max-image-preview":"max-image-preview:large","max-video-preview":"max-video-preview:-1"},"canonical":"https:\/\/www.havenhostel.de\/de\/jobs\/","og_locale":"de_DE","og_type":"article","og_title":"Jobs - havenhostel Deutschland","og_description":"Jobs","og_url":"https:\/\/www.havenhostel.de\/de\/jobs\/","og_site_name":"havenhostel Deutschland","article_modified_time":"2024-01-17T08:20:58+00:00","twitter_card":"summary_large_image","twitter_misc":{"Gesch\u00e4tzte Lesezeit":"1\u00a0Minute"},"schema":{"@context":"https:\/\/schema.org","@graph":[{"@type":"WebPage","@id":"https:\/\/www.havenhostel.de\/de\/jobs\/","url":"https:\/\/www.havenhostel.de\/de\/jobs\/","name":"Jobs - havenhostel Deutschland","isPartOf":{"@id":"https:\/\/www.havenhostel.de\/de\/#website"},"datePublished":"2021-07-19T12:50:23+00:00","dateModified":"2024-01-17T08:20:58+00:00","breadcrumb":{"@id":"https:\/\/www.havenhostel.de\/de\/jobs\/#breadcrumb"},"inLanguage":"de","potentialAction":[{"@type":"ReadAction","target":["https:\/\/www.havenhostel.de\/de\/jobs\/"]}]},{"@type":"BreadcrumbList","@id":"https:\/\/www.havenhostel.de\/de\/jobs\/#breadcrumb","itemListElement":[{"@type":"ListItem","position":1,"name":"Startseite","item":"https:\/\/www.havenhostel.de\/de\/"},{"@type":"ListItem","position":2,"name":"Jobs"}]},{"@type":"WebSite","@id":"https:\/\/www.havenhostel.de\/de\/#website","url":"https:\/\/www.havenhostel.de\/de\/","name":"havenhostel Deutschland","description":"Ein Zuhause f\u00fcr Alle!","publisher":{"@id":"https:\/\/www.havenhostel.de\/de\/#organization"},"potentialAction":[{"@type":"SearchAction","target":{"@type":"EntryPoint","urlTemplate":"https:\/\/www.havenhostel.de\/de\/?s={search_term_string}"},"query-input":{"@type":"PropertyValueSpecification","valueRequired":true,"valueName":"search_term_string"}}],"inLanguage":"de"},{"@type":"Organization","@id":"https:\/\/www.havenhostel.de\/de\/#organization","name":"havenhostel Deutschland","url":"https:\/\/www.havenhostel.de\/de\/","logo":{"@type":"ImageObject","inLanguage":"de","@id":"https:\/\/www.havenhostel.de\/de\/#\/schema\/logo\/image\/","url":"https:\/\/www.havenhostel.de\/wp-content\/uploads\/2020\/12\/havenhostel-deutschland_logo_mit-Kontur_RGB.png","contentUrl":"https:\/\/www.havenhostel.de\/wp-content\/uploads\/2020\/12\/havenhostel-deutschland_logo_mit-Kontur_RGB.png","width":900,"height":300,"caption":"havenhostel Deutschland"},"image":{"@id":"https:\/\/www.havenhostel.de\/de\/#\/schema\/logo\/image\/"},"sameAs":["https:\/\/www.youtube.com\/user\/havenhostel"]}]}},"_links":{"self":[{"href":"https:\/\/www.havenhostel.de\/de\/wp-json\/wp\/v2\/pages\/10278","targetHints":{"allow":["GET"]}}],"collection":[{"href":"https:\/\/www.havenhostel.de\/de\/wp-json\/wp\/v2\/pages"}],"about":[{"href":"https:\/\/www.havenhostel.de\/de\/wp-json\/wp\/v2\/types\/page"}],"author":[{"embeddable":true,"href":"https:\/\/www.havenhostel.de\/de\/wp-json\/wp\/v2\/users\/17"}],"replies":[{"embeddable":true,"href":"https:\/\/www.havenhostel.de\/de\/wp-json\/wp\/v2\/comments?post=10278"}],"version-history":[{"count":4,"href":"https:\/\/www.havenhostel.de\/de\/wp-json\/wp\/v2\/pages\/10278\/revisions"}],"predecessor-version":[{"id":14723,"href":"https:\/\/www.havenhostel.de\/de\/wp-json\/wp\/v2\/pages\/10278\/revisions\/14723"}],"wp:attachment":[{"href":"https:\/\/www.havenhostel.de\/de\/wp-json\/wp\/v2\/media?parent=10278"}],"curies":[{"name":"wp","href":"https:\/\/api.w.org\/{rel}","templated":true}]}}